{"id":132,"date":"2024-04-24T11:26:17","date_gmt":"2024-04-24T09:26:17","guid":{"rendered":"https:\/\/paul.nicolet.topbee.ch\/wp\/?page_id=132"},"modified":"2024-05-01T14:37:04","modified_gmt":"2024-05-01T12:37:04","slug":"dream-day-car-2023","status":"publish","type":"page","link":"https:\/\/paul.nicolet.topbee.ch\/wp\/?page_id=132","title":{"rendered":"Dream Day Car 2023"},"content":{"rendered":"\t\t<div data-elementor-type=\"wp-page\" data-elementor-id=\"132\" class=\"elementor elementor-132\">\n\t\t\t\t<div class=\"elementor-element elementor-element-a0c3fd3 e-flex e-con-boxed e-con e-parent\" data-id=\"a0c3fd3\" data-element_type=\"container\" data-settings=\"{&quot;background_background&quot;:&quot;classic&quot;}\">\n\t\t\t\t\t<div class=\"e-con-inner\">\n\t\t\t\t<div class=\"elementor-element elementor-element-4f2bd88 elementor-widget-divider--separator-type-pattern elementor-widget-divider--view-line elementor-widget elementor-widget-divider\" data-id=\"4f2bd88\" data-element_type=\"widget\" data-widget_type=\"divider.default\">\n\t\t\t\t<div class=\"elementor-widget-container\">\n\t\t\t<style>\/*! elementor - v3.21.0 - 18-04-2024 *\/\n.elementor-widget-divider{--divider-border-style:none;--divider-border-width:1px;--divider-color:#0c0d0e;--divider-icon-size:20px;--divider-element-spacing:10px;--divider-pattern-height:24px;--divider-pattern-size:20px;--divider-pattern-url:none;--divider-pattern-repeat:repeat-x}.elementor-widget-divider .elementor-divider{display:flex}.elementor-widget-divider .elementor-divider__text{font-size:15px;line-height:1;max-width:95%}.elementor-widget-divider .elementor-divider__element{margin:0 var(--divider-element-spacing);flex-shrink:0}.elementor-widget-divider .elementor-icon{font-size:var(--divider-icon-size)}.elementor-widget-divider .elementor-divider-separator{display:flex;margin:0;direction:ltr}.elementor-widget-divider--view-line_icon .elementor-divider-separator,.elementor-widget-divider--view-line_text .elementor-divider-separator{align-items:center}.elementor-widget-divider--view-line_icon .elementor-divider-separator:after,.elementor-widget-divider--view-line_icon .elementor-divider-separator:before,.elementor-widget-divider--view-line_text .elementor-divider-separator:after,.elementor-widget-divider--view-line_text .elementor-divider-separator:before{display:block;content:\"\";border-block-end:0;flex-grow:1;border-block-start:var(--divider-border-width) var(--divider-border-style) var(--divider-color)}.elementor-widget-divider--element-align-left .elementor-divider .elementor-divider-separator>.elementor-divider__svg:first-of-type{flex-grow:0;flex-shrink:100}.elementor-widget-divider--element-align-left .elementor-divider-separator:before{content:none}.elementor-widget-divider--element-align-left .elementor-divider__element{margin-left:0}.elementor-widget-divider--element-align-right .elementor-divider .elementor-divider-separator>.elementor-divider__svg:last-of-type{flex-grow:0;flex-shrink:100}.elementor-widget-divider--element-align-right .elementor-divider-separator:after{content:none}.elementor-widget-divider--element-align-right .elementor-divider__element{margin-right:0}.elementor-widget-divider--element-align-start .elementor-divider .elementor-divider-separator>.elementor-divider__svg:first-of-type{flex-grow:0;flex-shrink:100}.elementor-widget-divider--element-align-start .elementor-divider-separator:before{content:none}.elementor-widget-divider--element-align-start .elementor-divider__element{margin-inline-start:0}.elementor-widget-divider--element-align-end .elementor-divider .elementor-divider-separator>.elementor-divider__svg:last-of-type{flex-grow:0;flex-shrink:100}.elementor-widget-divider--element-align-end .elementor-divider-separator:after{content:none}.elementor-widget-divider--element-align-end .elementor-divider__element{margin-inline-end:0}.elementor-widget-divider:not(.elementor-widget-divider--view-line_text):not(.elementor-widget-divider--view-line_icon) .elementor-divider-separator{border-block-start:var(--divider-border-width) var(--divider-border-style) var(--divider-color)}.elementor-widget-divider--separator-type-pattern{--divider-border-style:none}.elementor-widget-divider--separator-type-pattern.elementor-widget-divider--view-line .elementor-divider-separator,.elementor-widget-divider--separator-type-pattern:not(.elementor-widget-divider--view-line) .elementor-divider-separator:after,.elementor-widget-divider--separator-type-pattern:not(.elementor-widget-divider--view-line) .elementor-divider-separator:before,.elementor-widget-divider--separator-type-pattern:not([class*=elementor-widget-divider--view]) .elementor-divider-separator{width:100%;min-height:var(--divider-pattern-height);-webkit-mask-size:var(--divider-pattern-size) 100%;mask-size:var(--divider-pattern-size) 100%;-webkit-mask-repeat:var(--divider-pattern-repeat);mask-repeat:var(--divider-pattern-repeat);background-color:var(--divider-color);-webkit-mask-image:var(--divider-pattern-url);mask-image:var(--divider-pattern-url)}.elementor-widget-divider--no-spacing{--divider-pattern-size:auto}.elementor-widget-divider--bg-round{--divider-pattern-repeat:round}.rtl .elementor-widget-divider .elementor-divider__text{direction:rtl}.e-con-inner>.elementor-widget-divider,.e-con>.elementor-widget-divider{width:var(--container-widget-width,100%);--flex-grow:var(--container-widget-flex-grow)}<\/style>\t\t<div class=\"elementor-divider\" style=\"--divider-pattern-url: url(&quot;data:image\/svg+xml,%3Csvg xmlns=&#039;http:\/\/www.w3.org\/2000\/svg&#039; preserveAspectRatio=&#039;none&#039; overflow=&#039;visible&#039; height=&#039;100%&#039; viewBox=&#039;0 0 24 24&#039; fill=&#039;black&#039; stroke=&#039;none&#039;%3E%3Cpolygon points=&#039;9.4,2 24,2 14.6,21.6 0,21.6&#039;\/%3E%3C\/svg%3E&quot;);\">\n\t\t\t<span class=\"elementor-divider-separator\">\n\t\t\t\t\t\t<\/span>\n\t\t<\/div>\n\t\t\t\t<\/div>\n\t\t\t\t<\/div>\n\t\t\t\t<div class=\"elementor-element elementor-element-5835aae elementor-widget elementor-widget-heading\" data-id=\"5835aae\" data-element_type=\"widget\" data-widget_type=\"heading.default\">\n\t\t\t\t<div class=\"elementor-widget-container\">\n\t\t\t<style>\/*! elementor - v3.21.0 - 18-04-2024 *\/\n.elementor-heading-title{padding:0;margin:0;line-height:1}.elementor-widget-heading .elementor-heading-title[class*=elementor-size-]>a{color:inherit;font-size:inherit;line-height:inherit}.elementor-widget-heading .elementor-heading-title.elementor-size-small{font-size:15px}.elementor-widget-heading .elementor-heading-title.elementor-size-medium{font-size:19px}.elementor-widget-heading .elementor-heading-title.elementor-size-large{font-size:29px}.elementor-widget-heading .elementor-heading-title.elementor-size-xl{font-size:39px}.elementor-widget-heading .elementor-heading-title.elementor-size-xxl{font-size:59px}<\/style><h2 class=\"elementor-heading-title elementor-size-default\">Dream Day Car 2023<\/h2>\t\t<\/div>\n\t\t\t\t<\/div>\n\t\t\t\t<div class=\"elementor-element elementor-element-408d849 elementor-widget-divider--separator-type-pattern elementor-widget-divider--view-line elementor-widget elementor-widget-divider\" data-id=\"408d849\" data-element_type=\"widget\" data-widget_type=\"divider.default\">\n\t\t\t\t<div class=\"elementor-widget-container\">\n\t\t\t\t\t<div class=\"elementor-divider\" style=\"--divider-pattern-url: url(&quot;data:image\/svg+xml,%3Csvg xmlns=&#039;http:\/\/www.w3.org\/2000\/svg&#039; preserveAspectRatio=&#039;none&#039; overflow=&#039;visible&#039; height=&#039;100%&#039; viewBox=&#039;0 0 24 24&#039; fill=&#039;black&#039; stroke=&#039;none&#039;%3E%3Cpolygon points=&#039;9.4,2 24,2 14.6,21.6 0,21.6&#039;\/%3E%3C\/svg%3E&quot;);\">\n\t\t\t<span class=\"elementor-divider-separator\">\n\t\t\t\t\t\t<\/span>\n\t\t<\/div>\n\t\t\t\t<\/div>\n\t\t\t\t<\/div>\n\t\t\t\t\t<\/div>\n\t\t\t\t<\/div>\n\t\t<div class=\"elementor-element elementor-element-8663177 e-flex e-con-boxed e-con e-parent\" data-id=\"8663177\" data-element_type=\"container\" data-settings=\"{&quot;background_background&quot;:&quot;classic&quot;}\">\n\t\t\t\t\t<div class=\"e-con-inner\">\n\t\t\t\t<div class=\"elementor-element elementor-element-825b188 elementor-widget elementor-widget-text-editor\" data-id=\"825b188\" data-element_type=\"widget\" data-widget_type=\"text-editor.default\">\n\t\t\t\t<div class=\"elementor-widget-container\">\n\t\t\t<style>\/*! elementor - v3.21.0 - 18-04-2024 *\/\n.elementor-widget-text-editor.elementor-drop-cap-view-stacked .elementor-drop-cap{background-color:#69727d;color:#fff}.elementor-widget-text-editor.elementor-drop-cap-view-framed .elementor-drop-cap{color:#69727d;border:3px solid;background-color:transparent}.elementor-widget-text-editor:not(.elementor-drop-cap-view-default) .elementor-drop-cap{margin-top:8px}.elementor-widget-text-editor:not(.elementor-drop-cap-view-default) .elementor-drop-cap-letter{width:1em;height:1em}.elementor-widget-text-editor .elementor-drop-cap{float:left;text-align:center;line-height:1;font-size:50px}.elementor-widget-text-editor .elementor-drop-cap-letter{display:inline-block}<\/style>\t\t\t\t<p><b><br><\/b><\/p><p><b><br><\/b><\/p><p><b><span style=\"font-family: var( --e-global-typography-text-font-family ), Sans-serif; font-size: 1rem;\">Chaque ann\u00e9e, l&rsquo;association Dream Day Car organise un rassemblement de voiture de prestige au abord de l&rsquo;hippodrome de Divonne-Les-Bains chaque rassemblement permet de r\u00e9colter des fond pour l&rsquo;association Enfance &amp; Cancers avec un don record de 65&rsquo;000 Euros en 2023.<\/span><br><\/b><\/p>\n<p><b>L&rsquo;association organise des Cars &amp; Coffee 3 fois dans l&rsquo;ann\u00e9e ainsi qu&rsquo;un festival en \u00e9t\u00e9 sur 2 jours ou l&rsquo;on peut retrouver des animations, des bapt\u00eames, ainsi que des shows motoris\u00e9s. Les photos que vous allez voir ont \u00e9t\u00e9 prises lors du Cars &amp; coffre d&rsquo;octobre 2023.<\/b><\/p><p><b><br><\/b><\/p><p><br><\/p>\t\t\t\t\t\t<\/div>\n\t\t\t\t<\/div>\n\t\t\t\t\t<\/div>\n\t\t\t\t<\/div>\n\t\t<div class=\"elementor-element elementor-element-bda7ad1 e-flex e-con-boxed e-con e-parent\" data-id=\"bda7ad1\" data-element_type=\"container\" data-settings=\"{&quot;background_background&quot;:&quot;classic&quot;}\">\n\t\t\t\t\t<div class=\"e-con-inner\">\n\t\t<div class=\"elementor-element elementor-element-214c1b4 e-con-full e-flex e-con e-child\" data-id=\"214c1b4\" data-element_type=\"container\">\n\t\t\t\t<div class=\"elementor-element elementor-element-c92fc0d e-transform elementor-invisible elementor-widget elementor-widget-image\" data-id=\"c92fc0d\" data-element_type=\"widget\" data-settings=\"{&quot;_animation&quot;:&quot;fadeInLeft&quot;,&quot;_transform_scale_effect_hover&quot;:{&quot;unit&quot;:&quot;px&quot;,&quot;size&quot;:0.8,&quot;sizes&quot;:[]},&quot;_transform_scale_effect_hover_tablet&quot;:{&quot;unit&quot;:&quot;px&quot;,&quot;size&quot;:&quot;&quot;,&quot;sizes&quot;:[]},&quot;_transform_scale_effect_hover_mobile&quot;:{&quot;unit&quot;:&quot;px&quot;,&quot;size&quot;:&quot;&quot;,&quot;sizes&quot;:[]}}\" data-widget_type=\"image.default\">\n\t\t\t\t<div class=\"elementor-widget-container\">\n\t\t\t<style>\/*! elementor - v3.21.0 - 18-04-2024 *\/\n.elementor-widget-image{text-align:center}.elementor-widget-image a{display:inline-block}.elementor-widget-image a img[src$=\".svg\"]{width:48px}.elementor-widget-image img{vertical-align:middle;display:inline-block}<\/style>\t\t\t\t\t\t\t\t\t\t<img fetchpriority=\"high\" decoding=\"async\" width=\"683\" height=\"1024\" src=\"https:\/\/paul.nicolet.topbee.ch\/wp\/wp-content\/uploads\/2024\/04\/PhotoSiteDDC-15-683x1024.jpg\" class=\"attachment-large size-large wp-image-497\" alt=\"\" srcset=\"https:\/\/paul.nicolet.topbee.ch\/wp\/wp-content\/uploads\/2024\/04\/PhotoSiteDDC-15-683x1024.jpg 683w, https:\/\/paul.nicolet.topbee.ch\/wp\/wp-content\/uploads\/2024\/04\/PhotoSiteDDC-15-200x300.jpg 200w, https:\/\/paul.nicolet.topbee.ch\/wp\/wp-content\/uploads\/2024\/04\/PhotoSiteDDC-15-768x1152.jpg 768w, https:\/\/paul.nicolet.topbee.ch\/wp\/wp-content\/uploads\/2024\/04\/PhotoSiteDDC-15-1024x1536.jpg 1024w, https:\/\/paul.nicolet.topbee.ch\/wp\/wp-content\/uploads\/2024\/04\/PhotoSiteDDC-15.jpg 1365w\" sizes=\"(max-width: 683px) 100vw, 683px\" \/>\t\t\t\t\t\t\t\t\t\t\t\t\t<\/div>\n\t\t\t\t<\/div>\n\t\t\t\t<\/div>\n\t\t<div class=\"elementor-element elementor-element-cd487cc e-con-full e-flex e-con e-child\" data-id=\"cd487cc\" data-element_type=\"container\">\n\t\t\t\t<div class=\"elementor-element elementor-element-7583fce e-transform elementor-invisible elementor-widget elementor-widget-image\" data-id=\"7583fce\" data-element_type=\"widget\" data-settings=\"{&quot;_animation&quot;:&quot;fadeInDown&quot;,&quot;_transform_scale_effect_hover&quot;:{&quot;unit&quot;:&quot;px&quot;,&quot;size&quot;:0.8,&quot;sizes&quot;:[]},&quot;_transform_scale_effect_hover_tablet&quot;:{&quot;unit&quot;:&quot;px&quot;,&quot;size&quot;:&quot;&quot;,&quot;sizes&quot;:[]},&quot;_transform_scale_effect_hover_mobile&quot;:{&quot;unit&quot;:&quot;px&quot;,&quot;size&quot;:&quot;&quot;,&quot;sizes&quot;:[]}}\" data-widget_type=\"image.default\">\n\t\t\t\t<div class=\"elementor-widget-container\">\n\t\t\t\t\t\t\t\t\t\t\t\t\t<img decoding=\"async\" width=\"683\" height=\"1024\" src=\"https:\/\/paul.nicolet.topbee.ch\/wp\/wp-content\/uploads\/2024\/04\/PhotoSiteDDC-17-683x1024.jpg\" class=\"attachment-large size-large wp-image-495\" alt=\"\" srcset=\"https:\/\/paul.nicolet.topbee.ch\/wp\/wp-content\/uploads\/2024\/04\/PhotoSiteDDC-17-683x1024.jpg 683w, https:\/\/paul.nicolet.topbee.ch\/wp\/wp-content\/uploads\/2024\/04\/PhotoSiteDDC-17-200x300.jpg 200w, https:\/\/paul.nicolet.topbee.ch\/wp\/wp-content\/uploads\/2024\/04\/PhotoSiteDDC-17-768x1152.jpg 768w, https:\/\/paul.nicolet.topbee.ch\/wp\/wp-content\/uploads\/2024\/04\/PhotoSiteDDC-17-1024x1536.jpg 1024w, https:\/\/paul.nicolet.topbee.ch\/wp\/wp-content\/uploads\/2024\/04\/PhotoSiteDDC-17.jpg 1365w\" sizes=\"(max-width: 683px) 100vw, 683px\" \/>\t\t\t\t\t\t\t\t\t\t\t\t\t<\/div>\n\t\t\t\t<\/div>\n\t\t\t\t<\/div>\n\t\t<div class=\"elementor-element elementor-element-e75f8ff e-con-full e-flex e-con e-child\" data-id=\"e75f8ff\" data-element_type=\"container\">\n\t\t\t\t<div class=\"elementor-element elementor-element-5f85a01 e-transform elementor-invisible elementor-widget elementor-widget-image\" data-id=\"5f85a01\" data-element_type=\"widget\" data-settings=\"{&quot;_animation&quot;:&quot;fadeInUp&quot;,&quot;_transform_scale_effect_hover&quot;:{&quot;unit&quot;:&quot;px&quot;,&quot;size&quot;:0.8,&quot;sizes&quot;:[]},&quot;_transform_scale_effect_hover_tablet&quot;:{&quot;unit&quot;:&quot;px&quot;,&quot;size&quot;:&quot;&quot;,&quot;sizes&quot;:[]},&quot;_transform_scale_effect_hover_mobile&quot;:{&quot;unit&quot;:&quot;px&quot;,&quot;size&quot;:&quot;&quot;,&quot;sizes&quot;:[]}}\" data-widget_type=\"image.default\">\n\t\t\t\t<div class=\"elementor-widget-container\">\n\t\t\t\t\t\t\t\t\t\t\t\t\t<img decoding=\"async\" width=\"683\" height=\"1024\" src=\"https:\/\/paul.nicolet.topbee.ch\/wp\/wp-content\/uploads\/2024\/04\/PhotoSiteDDC-06-683x1024.jpg\" class=\"attachment-large size-large wp-image-506\" alt=\"\" srcset=\"https:\/\/paul.nicolet.topbee.ch\/wp\/wp-content\/uploads\/2024\/04\/PhotoSiteDDC-06-683x1024.jpg 683w, https:\/\/paul.nicolet.topbee.ch\/wp\/wp-content\/uploads\/2024\/04\/PhotoSiteDDC-06-200x300.jpg 200w, https:\/\/paul.nicolet.topbee.ch\/wp\/wp-content\/uploads\/2024\/04\/PhotoSiteDDC-06-768x1152.jpg 768w, https:\/\/paul.nicolet.topbee.ch\/wp\/wp-content\/uploads\/2024\/04\/PhotoSiteDDC-06-1024x1536.jpg 1024w, https:\/\/paul.nicolet.topbee.ch\/wp\/wp-content\/uploads\/2024\/04\/PhotoSiteDDC-06.jpg 1365w\" sizes=\"(max-width: 683px) 100vw, 683px\" \/>\t\t\t\t\t\t\t\t\t\t\t\t\t<\/div>\n\t\t\t\t<\/div>\n\t\t\t\t<\/div>\n\t\t<div class=\"elementor-element elementor-element-70ea3ba e-con-full e-flex e-con e-child\" data-id=\"70ea3ba\" data-element_type=\"container\">\n\t\t\t\t<div class=\"elementor-element elementor-element-3ed5654 e-transform elementor-invisible elementor-widget elementor-widget-image\" data-id=\"3ed5654\" data-element_type=\"widget\" data-settings=\"{&quot;_animation&quot;:&quot;fadeInRight&quot;,&quot;_transform_scale_effect_hover&quot;:{&quot;unit&quot;:&quot;px&quot;,&quot;size&quot;:0.8,&quot;sizes&quot;:[]},&quot;_transform_scale_effect_hover_tablet&quot;:{&quot;unit&quot;:&quot;px&quot;,&quot;size&quot;:&quot;&quot;,&quot;sizes&quot;:[]},&quot;_transform_scale_effect_hover_mobile&quot;:{&quot;unit&quot;:&quot;px&quot;,&quot;size&quot;:&quot;&quot;,&quot;sizes&quot;:[]}}\" data-widget_type=\"image.default\">\n\t\t\t\t<div class=\"elementor-widget-container\">\n\t\t\t\t\t\t\t\t\t\t\t\t\t<img loading=\"lazy\" decoding=\"async\" width=\"683\" height=\"1024\" src=\"https:\/\/paul.nicolet.topbee.ch\/wp\/wp-content\/uploads\/2024\/04\/PhotoSiteDDC-03-683x1024.jpg\" class=\"attachment-large size-large wp-image-509\" alt=\"\" srcset=\"https:\/\/paul.nicolet.topbee.ch\/wp\/wp-content\/uploads\/2024\/04\/PhotoSiteDDC-03-683x1024.jpg 683w, https:\/\/paul.nicolet.topbee.ch\/wp\/wp-content\/uploads\/2024\/04\/PhotoSiteDDC-03-200x300.jpg 200w, https:\/\/paul.nicolet.topbee.ch\/wp\/wp-content\/uploads\/2024\/04\/PhotoSiteDDC-03-768x1152.jpg 768w, https:\/\/paul.nicolet.topbee.ch\/wp\/wp-content\/uploads\/2024\/04\/PhotoSiteDDC-03-1024x1536.jpg 1024w, https:\/\/paul.nicolet.topbee.ch\/wp\/wp-content\/uploads\/2024\/04\/PhotoSiteDDC-03.jpg 1365w\" sizes=\"(max-width: 683px) 100vw, 683px\" \/>\t\t\t\t\t\t\t\t\t\t\t\t\t<\/div>\n\t\t\t\t<\/div>\n\t\t\t\t<\/div>\n\t\t\t\t\t<\/div>\n\t\t\t\t<\/div>\n\t\t<div class=\"elementor-element elementor-element-d3e75d4 e-flex e-con-boxed e-con e-parent\" data-id=\"d3e75d4\" data-element_type=\"container\" data-settings=\"{&quot;background_background&quot;:&quot;classic&quot;}\">\n\t\t\t\t\t<div class=\"e-con-inner\">\n\t\t\t\t<div class=\"elementor-element elementor-element-1f28d86 elementor-widget__width-inherit e-transform elementor-widget elementor-widget-image\" data-id=\"1f28d86\" data-element_type=\"widget\" data-settings=\"{&quot;_transform_scale_effect_hover&quot;:{&quot;unit&quot;:&quot;px&quot;,&quot;size&quot;:0.8,&quot;sizes&quot;:[]},&quot;_transform_scale_effect_hover_tablet&quot;:{&quot;unit&quot;:&quot;px&quot;,&quot;size&quot;:&quot;&quot;,&quot;sizes&quot;:[]},&quot;_transform_scale_effect_hover_mobile&quot;:{&quot;unit&quot;:&quot;px&quot;,&quot;size&quot;:&quot;&quot;,&quot;sizes&quot;:[]}}\" data-widget_type=\"image.default\">\n\t\t\t\t<div class=\"elementor-widget-container\">\n\t\t\t\t\t\t\t\t\t\t\t\t\t<img loading=\"lazy\" decoding=\"async\" width=\"800\" height=\"534\" src=\"https:\/\/paul.nicolet.topbee.ch\/wp\/wp-content\/uploads\/2024\/04\/PhotoSiteDDC-14-1024x683.jpg\" class=\"attachment-large size-large wp-image-498\" alt=\"\" srcset=\"https:\/\/paul.nicolet.topbee.ch\/wp\/wp-content\/uploads\/2024\/04\/PhotoSiteDDC-14-1024x683.jpg 1024w, https:\/\/paul.nicolet.topbee.ch\/wp\/wp-content\/uploads\/2024\/04\/PhotoSiteDDC-14-300x200.jpg 300w, https:\/\/paul.nicolet.topbee.ch\/wp\/wp-content\/uploads\/2024\/04\/PhotoSiteDDC-14-768x512.jpg 768w, https:\/\/paul.nicolet.topbee.ch\/wp\/wp-content\/uploads\/2024\/04\/PhotoSiteDDC-14-1536x1024.jpg 1536w, https:\/\/paul.nicolet.topbee.ch\/wp\/wp-content\/uploads\/2024\/04\/PhotoSiteDDC-14.jpg 2048w\" sizes=\"(max-width: 800px) 100vw, 800px\" \/>\t\t\t\t\t\t\t\t\t\t\t\t\t<\/div>\n\t\t\t\t<\/div>\n\t\t\t\t\t<\/div>\n\t\t\t\t<\/div>\n\t\t<div class=\"elementor-element elementor-element-a061c18 e-flex e-con-boxed e-con e-parent\" data-id=\"a061c18\" data-element_type=\"container\" data-settings=\"{&quot;background_background&quot;:&quot;classic&quot;}\">\n\t\t\t\t\t<div class=\"e-con-inner\">\n\t\t<div class=\"elementor-element elementor-element-39b80f9 e-con-full e-flex e-con e-child\" data-id=\"39b80f9\" data-element_type=\"container\">\n\t\t\t\t<div class=\"elementor-element elementor-element-7d1e0ae e-transform elementor-widget elementor-widget-image\" data-id=\"7d1e0ae\" data-element_type=\"widget\" data-settings=\"{&quot;_transform_scale_effect_hover&quot;:{&quot;unit&quot;:&quot;px&quot;,&quot;size&quot;:0.8,&quot;sizes&quot;:[]},&quot;_transform_scale_effect_hover_tablet&quot;:{&quot;unit&quot;:&quot;px&quot;,&quot;size&quot;:&quot;&quot;,&quot;sizes&quot;:[]},&quot;_transform_scale_effect_hover_mobile&quot;:{&quot;unit&quot;:&quot;px&quot;,&quot;size&quot;:&quot;&quot;,&quot;sizes&quot;:[]}}\" data-widget_type=\"image.default\">\n\t\t\t\t<div class=\"elementor-widget-container\">\n\t\t\t\t\t\t\t\t\t\t\t\t\t<img loading=\"lazy\" decoding=\"async\" width=\"683\" height=\"1024\" src=\"https:\/\/paul.nicolet.topbee.ch\/wp\/wp-content\/uploads\/2024\/04\/PhotoSiteDDC-09-683x1024.jpg\" class=\"attachment-large size-large wp-image-503\" alt=\"\" srcset=\"https:\/\/paul.nicolet.topbee.ch\/wp\/wp-content\/uploads\/2024\/04\/PhotoSiteDDC-09-683x1024.jpg 683w, https:\/\/paul.nicolet.topbee.ch\/wp\/wp-content\/uploads\/2024\/04\/PhotoSiteDDC-09-200x300.jpg 200w, https:\/\/paul.nicolet.topbee.ch\/wp\/wp-content\/uploads\/2024\/04\/PhotoSiteDDC-09-768x1152.jpg 768w, https:\/\/paul.nicolet.topbee.ch\/wp\/wp-content\/uploads\/2024\/04\/PhotoSiteDDC-09-1024x1536.jpg 1024w, https:\/\/paul.nicolet.topbee.ch\/wp\/wp-content\/uploads\/2024\/04\/PhotoSiteDDC-09.jpg 1365w\" sizes=\"(max-width: 683px) 100vw, 683px\" \/>\t\t\t\t\t\t\t\t\t\t\t\t\t<\/div>\n\t\t\t\t<\/div>\n\t\t\t\t<\/div>\n\t\t<div class=\"elementor-element elementor-element-5d04b36 e-con-full e-flex e-con e-child\" data-id=\"5d04b36\" data-element_type=\"container\">\n\t\t\t\t<div class=\"elementor-element elementor-element-614756a e-transform elementor-widget elementor-widget-image\" data-id=\"614756a\" data-element_type=\"widget\" data-settings=\"{&quot;_transform_scale_effect_hover&quot;:{&quot;unit&quot;:&quot;px&quot;,&quot;size&quot;:0.8,&quot;sizes&quot;:[]},&quot;_transform_scale_effect_hover_tablet&quot;:{&quot;unit&quot;:&quot;px&quot;,&quot;size&quot;:&quot;&quot;,&quot;sizes&quot;:[]},&quot;_transform_scale_effect_hover_mobile&quot;:{&quot;unit&quot;:&quot;px&quot;,&quot;size&quot;:&quot;&quot;,&quot;sizes&quot;:[]}}\" data-widget_type=\"image.default\">\n\t\t\t\t<div class=\"elementor-widget-container\">\n\t\t\t\t\t\t\t\t\t\t\t\t\t<img loading=\"lazy\" decoding=\"async\" width=\"683\" height=\"1024\" src=\"https:\/\/paul.nicolet.topbee.ch\/wp\/wp-content\/uploads\/2024\/04\/PhotoSiteDDC-08-683x1024.jpg\" class=\"attachment-large size-large wp-image-504\" alt=\"\" srcset=\"https:\/\/paul.nicolet.topbee.ch\/wp\/wp-content\/uploads\/2024\/04\/PhotoSiteDDC-08-683x1024.jpg 683w, https:\/\/paul.nicolet.topbee.ch\/wp\/wp-content\/uploads\/2024\/04\/PhotoSiteDDC-08-200x300.jpg 200w, https:\/\/paul.nicolet.topbee.ch\/wp\/wp-content\/uploads\/2024\/04\/PhotoSiteDDC-08-768x1152.jpg 768w, https:\/\/paul.nicolet.topbee.ch\/wp\/wp-content\/uploads\/2024\/04\/PhotoSiteDDC-08-1024x1536.jpg 1024w, https:\/\/paul.nicolet.topbee.ch\/wp\/wp-content\/uploads\/2024\/04\/PhotoSiteDDC-08.jpg 1365w\" sizes=\"(max-width: 683px) 100vw, 683px\" \/>\t\t\t\t\t\t\t\t\t\t\t\t\t<\/div>\n\t\t\t\t<\/div>\n\t\t\t\t<\/div>\n\t\t\t\t\t<\/div>\n\t\t\t\t<\/div>\n\t\t<div class=\"elementor-element elementor-element-c738218 e-flex e-con-boxed e-con e-parent\" data-id=\"c738218\" data-element_type=\"container\" data-settings=\"{&quot;background_background&quot;:&quot;classic&quot;}\">\n\t\t\t\t\t<div class=\"e-con-inner\">\n\t\t\t\t<div class=\"elementor-element elementor-element-5b7fa73 elementor-widget__width-inherit e-transform elementor-widget elementor-widget-image\" data-id=\"5b7fa73\" data-element_type=\"widget\" data-settings=\"{&quot;_transform_scale_effect_hover&quot;:{&quot;unit&quot;:&quot;px&quot;,&quot;size&quot;:0.8,&quot;sizes&quot;:[]},&quot;_transform_scale_effect_hover_tablet&quot;:{&quot;unit&quot;:&quot;px&quot;,&quot;size&quot;:&quot;&quot;,&quot;sizes&quot;:[]},&quot;_transform_scale_effect_hover_mobile&quot;:{&quot;unit&quot;:&quot;px&quot;,&quot;size&quot;:&quot;&quot;,&quot;sizes&quot;:[]}}\" data-widget_type=\"image.default\">\n\t\t\t\t<div class=\"elementor-widget-container\">\n\t\t\t\t\t\t\t\t\t\t\t\t\t<img loading=\"lazy\" decoding=\"async\" width=\"800\" height=\"534\" src=\"https:\/\/paul.nicolet.topbee.ch\/wp\/wp-content\/uploads\/2024\/04\/PhotoSiteDDC-10-1024x683.jpg\" class=\"attachment-large size-large wp-image-502\" alt=\"\" srcset=\"https:\/\/paul.nicolet.topbee.ch\/wp\/wp-content\/uploads\/2024\/04\/PhotoSiteDDC-10-1024x683.jpg 1024w, https:\/\/paul.nicolet.topbee.ch\/wp\/wp-content\/uploads\/2024\/04\/PhotoSiteDDC-10-300x200.jpg 300w, https:\/\/paul.nicolet.topbee.ch\/wp\/wp-content\/uploads\/2024\/04\/PhotoSiteDDC-10-768x512.jpg 768w, https:\/\/paul.nicolet.topbee.ch\/wp\/wp-content\/uploads\/2024\/04\/PhotoSiteDDC-10-1536x1024.jpg 1536w, https:\/\/paul.nicolet.topbee.ch\/wp\/wp-content\/uploads\/2024\/04\/PhotoSiteDDC-10.jpg 2048w\" sizes=\"(max-width: 800px) 100vw, 800px\" \/>\t\t\t\t\t\t\t\t\t\t\t\t\t<\/div>\n\t\t\t\t<\/div>\n\t\t\t\t\t<\/div>\n\t\t\t\t<\/div>\n\t\t\t\t<\/div>\n\t\t","protected":false},"excerpt":{"rendered":"<p>Dream Day Car 2023 Chaque ann\u00e9e, l&rsquo;association Dream Day Car organise un rassemblement de voiture de prestige au abord de l&rsquo;hippodrome de Divonne-Les-Bains chaque rassemblement permet de r\u00e9colter des fond pour l&rsquo;association Enfance &amp; Cancers avec un don record de 65&rsquo;000 Euros en 2023. L&rsquo;association organise des Cars &amp; Coffee 3 fois dans l&rsquo;ann\u00e9e ainsi [&hellip;]<\/p>\n","protected":false},"author":1,"featured_media":0,"parent":0,"menu_order":0,"comment_status":"closed","ping_status":"closed","template":"","meta":{"footnotes":""},"class_list":["post-132","page","type-page","status-publish","hentry"],"_links":{"self":[{"href":"https:\/\/paul.nicolet.topbee.ch\/wp\/index.php?rest_route=\/wp\/v2\/pages\/132","targetHints":{"allow":["GET"]}}],"collection":[{"href":"https:\/\/paul.nicolet.topbee.ch\/wp\/index.php?rest_route=\/wp\/v2\/pages"}],"about":[{"href":"https:\/\/paul.nicolet.topbee.ch\/wp\/index.php?rest_route=\/wp\/v2\/types\/page"}],"author":[{"embeddable":true,"href":"https:\/\/paul.nicolet.topbee.ch\/wp\/index.php?rest_route=\/wp\/v2\/users\/1"}],"replies":[{"embeddable":true,"href":"https:\/\/paul.nicolet.topbee.ch\/wp\/index.php?rest_route=%2Fwp%2Fv2%2Fcomments&post=132"}],"version-history":[{"count":40,"href":"https:\/\/paul.nicolet.topbee.ch\/wp\/index.php?rest_route=\/wp\/v2\/pages\/132\/revisions"}],"predecessor-version":[{"id":839,"href":"https:\/\/paul.nicolet.topbee.ch\/wp\/index.php?rest_route=\/wp\/v2\/pages\/132\/revisions\/839"}],"wp:attachment":[{"href":"https:\/\/paul.nicolet.topbee.ch\/wp\/index.php?rest_route=%2Fwp%2Fv2%2Fmedia&parent=132"}],"curies":[{"name":"wp","href":"https:\/\/api.w.org\/{rel}","templated":true}]}}