{"id":57,"date":"2024-04-23T15:39:13","date_gmt":"2024-04-23T13:39:13","guid":{"rendered":"https:\/\/paul.nicolet.topbee.ch\/wp\/?page_id=57"},"modified":"2024-05-01T14:42:43","modified_gmt":"2024-05-01T12:42:43","slug":"a-propos","status":"publish","type":"page","link":"https:\/\/paul.nicolet.topbee.ch\/wp\/?page_id=57","title":{"rendered":"\u00c0 propos"},"content":{"rendered":"\t\t<div data-elementor-type=\"wp-page\" data-elementor-id=\"57\" class=\"elementor elementor-57\">\n\t\t\t\t<div class=\"elementor-element elementor-element-170bd7a e-flex e-con-boxed e-con e-parent\" data-id=\"170bd7a\" data-element_type=\"container\" data-settings=\"{&quot;background_background&quot;:&quot;classic&quot;}\">\n\t\t\t\t\t<div class=\"e-con-inner\">\n\t\t<div class=\"elementor-element elementor-element-102c9ae e-con-full e-flex e-con e-child\" data-id=\"102c9ae\" data-element_type=\"container\">\n\t\t\t\t<div class=\"elementor-element elementor-element-de3544a elementor-widget elementor-widget-heading\" data-id=\"de3544a\" data-element_type=\"widget\" data-widget_type=\"heading.default\">\n\t\t\t\t<div class=\"elementor-widget-container\">\n\t\t\t<style>\/*! elementor - v3.21.0 - 18-04-2024 *\/\n.elementor-heading-title{padding:0;margin:0;line-height:1}.elementor-widget-heading .elementor-heading-title[class*=elementor-size-]>a{color:inherit;font-size:inherit;line-height:inherit}.elementor-widget-heading .elementor-heading-title.elementor-size-small{font-size:15px}.elementor-widget-heading .elementor-heading-title.elementor-size-medium{font-size:19px}.elementor-widget-heading .elementor-heading-title.elementor-size-large{font-size:29px}.elementor-widget-heading .elementor-heading-title.elementor-size-xl{font-size:39px}.elementor-widget-heading .elementor-heading-title.elementor-size-xxl{font-size:59px}<\/style><h2 class=\"elementor-heading-title elementor-size-default\"><br>Qui je suis ? <br><\/h2>\t\t<\/div>\n\t\t\t\t<\/div>\n\t\t\t\t<\/div>\n\t\t\t\t\t<\/div>\n\t\t\t\t<\/div>\n\t\t<div class=\"elementor-element elementor-element-07cf3e7 e-flex e-con-boxed e-con e-parent\" data-id=\"07cf3e7\" data-element_type=\"container\" data-settings=\"{&quot;background_background&quot;:&quot;classic&quot;}\">\n\t\t\t\t\t<div class=\"e-con-inner\">\n\t\t<div class=\"elementor-element elementor-element-7b00ec2 e-con-full e-flex e-con e-child\" data-id=\"7b00ec2\" data-element_type=\"container\" data-settings=\"{&quot;background_background&quot;:&quot;classic&quot;}\">\n\t\t\t\t<div class=\"elementor-element elementor-element-c1e729b e-transform e-transform elementor-invisible elementor-widget elementor-widget-text-editor\" data-id=\"c1e729b\" data-element_type=\"widget\" data-settings=\"{&quot;_animation&quot;:&quot;fadeInLeft&quot;,&quot;_transform_translateX_effect_hover&quot;:{&quot;unit&quot;:&quot;px&quot;,&quot;size&quot;:0,&quot;sizes&quot;:[]},&quot;_transform_translateY_effect_hover&quot;:{&quot;unit&quot;:&quot;px&quot;,&quot;size&quot;:59,&quot;sizes&quot;:[]},&quot;_transform_scale_effect_hover&quot;:{&quot;unit&quot;:&quot;px&quot;,&quot;size&quot;:1.1,&quot;sizes&quot;:[]},&quot;_transform_translateX_effect_hover_tablet&quot;:{&quot;unit&quot;:&quot;px&quot;,&quot;size&quot;:&quot;&quot;,&quot;sizes&quot;:[]},&quot;_transform_translateX_effect_hover_mobile&quot;:{&quot;unit&quot;:&quot;px&quot;,&quot;size&quot;:&quot;&quot;,&quot;sizes&quot;:[]},&quot;_transform_translateY_effect_hover_tablet&quot;:{&quot;unit&quot;:&quot;px&quot;,&quot;size&quot;:&quot;&quot;,&quot;sizes&quot;:[]},&quot;_transform_translateY_effect_hover_mobile&quot;:{&quot;unit&quot;:&quot;px&quot;,&quot;size&quot;:&quot;&quot;,&quot;sizes&quot;:[]},&quot;_transform_scale_effect_hover_tablet&quot;:{&quot;unit&quot;:&quot;px&quot;,&quot;size&quot;:&quot;&quot;,&quot;sizes&quot;:[]},&quot;_transform_scale_effect_hover_mobile&quot;:{&quot;unit&quot;:&quot;px&quot;,&quot;size&quot;:&quot;&quot;,&quot;sizes&quot;:[]}}\" data-widget_type=\"text-editor.default\">\n\t\t\t\t<div class=\"elementor-widget-container\">\n\t\t\t<style>\/*! elementor - v3.21.0 - 18-04-2024 *\/\n.elementor-widget-text-editor.elementor-drop-cap-view-stacked .elementor-drop-cap{background-color:#69727d;color:#fff}.elementor-widget-text-editor.elementor-drop-cap-view-framed .elementor-drop-cap{color:#69727d;border:3px solid;background-color:transparent}.elementor-widget-text-editor:not(.elementor-drop-cap-view-default) .elementor-drop-cap{margin-top:8px}.elementor-widget-text-editor:not(.elementor-drop-cap-view-default) .elementor-drop-cap-letter{width:1em;height:1em}.elementor-widget-text-editor .elementor-drop-cap{float:left;text-align:center;line-height:1;font-size:50px}.elementor-widget-text-editor .elementor-drop-cap-letter{display:inline-block}<\/style>\t\t\t\t<p>Je m&rsquo;appelle Paul, je suis de la r\u00e9gion de Lausanne et depuis petit j&rsquo;ai toujours \u00e9t\u00e9 passionn\u00e9 de photographie ainsi que de vid\u00e9o, il faut aussi dire que mon p\u00e8re \u00e9tant un fan de photographie je baigne dedans depuis mon plus jeune \u00e2ge.\u00a0<\/p><p>J&rsquo;ai commenc\u00e9 un apprentissage de M\u00e9diamaticien, ce qui a permis d&rsquo;approfondir mes comp\u00e9tence dans le domaine de la vid\u00e9o \/ photos.\u00a0<\/p><p>Etant \u00e9galement un grand fan de sport et d&rsquo;automobile, j&rsquo;ai d\u00e9cid\u00e9 de combiner les 2 et de r\u00e9aliser des photos de courses automobiles, de rassemblement automobile ainsi que de match de basket, ce qui me permets de mettre mes comp\u00e9tences aux services de certaines associations tel que le Dream Day Car et 4TheBucket.<\/p><p>\u00a0<\/p><h4>Pourquoi avoir choisis 4UREYE comme nom ?\u00a0<span style=\"font-family: var( --e-global-typography-text-font-family ), Sans-serif; text-align: var(--text-align); font-size: 1rem;\">\u00a0<\/span><\/h4><div>Je trouvais que cela collait bien a mon identit\u00e9 et \u00e0 ce que je voulais montrer, 4UREYE ce qui veux dire pour vos yeux qui repr\u00e9sente bien la photo et la vid\u00e9o qui permets \u00e9galement de dire que je fais cela pour vous yeux, que les choses que je font sont belles a regarder pour les yeux.\u00a0<\/div><div>\u00a0<\/div><div>\u00a0<\/div><h4>Quel expertise avez-vous ?\u00a0<\/h4><div>Pour mon expertise, je travail dans une entreprise de luxe bas\u00e9 en suisse ce qui me permets de form\u00e9s au pr\u00e8s des meilleures, et \u00e9galement de discut\u00e9 avec des personnes qui ont beaucoup plus d&rsquo;exp\u00e9rience que moi ce qui me permets de m&rsquo;am\u00e9liorer et pouvoir cr\u00e9er et d\u00e9couvrir de nouvel chose.<\/div><div>\u00a0<\/div><div>\u00a0<\/div><p>\u00a0<\/p>\t\t\t\t\t\t<\/div>\n\t\t\t\t<\/div>\n\t\t\t\t<\/div>\n\t\t<div class=\"elementor-element elementor-element-cf814cb e-con-full e-flex e-con e-child\" data-id=\"cf814cb\" data-element_type=\"container\">\n\t\t\t\t<div class=\"elementor-element elementor-element-a00b4b2 e-transform elementor-invisible elementor-widget elementor-widget-image\" data-id=\"a00b4b2\" data-element_type=\"widget\" data-settings=\"{&quot;_animation&quot;:&quot;fadeInRight&quot;,&quot;_transform_scale_effect_hover&quot;:{&quot;unit&quot;:&quot;px&quot;,&quot;size&quot;:0.8,&quot;sizes&quot;:[]},&quot;_transform_scale_effect_hover_tablet&quot;:{&quot;unit&quot;:&quot;px&quot;,&quot;size&quot;:&quot;&quot;,&quot;sizes&quot;:[]},&quot;_transform_scale_effect_hover_mobile&quot;:{&quot;unit&quot;:&quot;px&quot;,&quot;size&quot;:&quot;&quot;,&quot;sizes&quot;:[]}}\" data-widget_type=\"image.default\">\n\t\t\t\t<div class=\"elementor-widget-container\">\n\t\t\t<style>\/*! elementor - v3.21.0 - 18-04-2024 *\/\n.elementor-widget-image{text-align:center}.elementor-widget-image a{display:inline-block}.elementor-widget-image a img[src$=\".svg\"]{width:48px}.elementor-widget-image img{vertical-align:middle;display:inline-block}<\/style>\t\t\t\t\t\t\t\t\t\t<img fetchpriority=\"high\" decoding=\"async\" width=\"1240\" height=\"2208\" src=\"https:\/\/paul.nicolet.topbee.ch\/wp\/wp-content\/uploads\/2024\/05\/IMG_2164.jpg\" class=\"attachment-full size-full wp-image-766\" alt=\"\" srcset=\"https:\/\/paul.nicolet.topbee.ch\/wp\/wp-content\/uploads\/2024\/05\/IMG_2164.jpg 1240w, https:\/\/paul.nicolet.topbee.ch\/wp\/wp-content\/uploads\/2024\/05\/IMG_2164-168x300.jpg 168w, https:\/\/paul.nicolet.topbee.ch\/wp\/wp-content\/uploads\/2024\/05\/IMG_2164-575x1024.jpg 575w, https:\/\/paul.nicolet.topbee.ch\/wp\/wp-content\/uploads\/2024\/05\/IMG_2164-768x1368.jpg 768w, https:\/\/paul.nicolet.topbee.ch\/wp\/wp-content\/uploads\/2024\/05\/IMG_2164-863x1536.jpg 863w, https:\/\/paul.nicolet.topbee.ch\/wp\/wp-content\/uploads\/2024\/05\/IMG_2164-1150x2048.jpg 1150w\" sizes=\"(max-width: 1240px) 100vw, 1240px\" \/>\t\t\t\t\t\t\t\t\t\t\t\t\t<\/div>\n\t\t\t\t<\/div>\n\t\t\t\t<\/div>\n\t\t\t\t\t<\/div>\n\t\t\t\t<\/div>\n\t\t\t\t<\/div>\n\t\t","protected":false},"excerpt":{"rendered":"<p>Qui je suis ? Je m&rsquo;appelle Paul, je suis de la r\u00e9gion de Lausanne et depuis petit j&rsquo;ai toujours \u00e9t\u00e9 passionn\u00e9 de photographie ainsi que de vid\u00e9o, il faut aussi dire que mon p\u00e8re \u00e9tant un fan de photographie je baigne dedans depuis mon plus jeune \u00e2ge.\u00a0 J&rsquo;ai commenc\u00e9 un apprentissage de M\u00e9diamaticien, ce qui [&hellip;]<\/p>\n","protected":false},"author":1,"featured_media":0,"parent":0,"menu_order":0,"comment_status":"closed","ping_status":"closed","template":"","meta":{"footnotes":""},"class_list":["post-57","page","type-page","status-publish","hentry"],"_links":{"self":[{"href":"https:\/\/paul.nicolet.topbee.ch\/wp\/index.php?rest_route=\/wp\/v2\/pages\/57","targetHints":{"allow":["GET"]}}],"collection":[{"href":"https:\/\/paul.nicolet.topbee.ch\/wp\/index.php?rest_route=\/wp\/v2\/pages"}],"about":[{"href":"https:\/\/paul.nicolet.topbee.ch\/wp\/index.php?rest_route=\/wp\/v2\/types\/page"}],"author":[{"embeddable":true,"href":"https:\/\/paul.nicolet.topbee.ch\/wp\/index.php?rest_route=\/wp\/v2\/users\/1"}],"replies":[{"embeddable":true,"href":"https:\/\/paul.nicolet.topbee.ch\/wp\/index.php?rest_route=%2Fwp%2Fv2%2Fcomments&post=57"}],"version-history":[{"count":24,"href":"https:\/\/paul.nicolet.topbee.ch\/wp\/index.php?rest_route=\/wp\/v2\/pages\/57\/revisions"}],"predecessor-version":[{"id":851,"href":"https:\/\/paul.nicolet.topbee.ch\/wp\/index.php?rest_route=\/wp\/v2\/pages\/57\/revisions\/851"}],"wp:attachment":[{"href":"https:\/\/paul.nicolet.topbee.ch\/wp\/index.php?rest_route=%2Fwp%2Fv2%2Fmedia&parent=57"}],"curies":[{"name":"wp","href":"https:\/\/api.w.org\/{rel}","templated":true}]}}